{"id":1516,"date":"2025-12-18T13:27:27","date_gmt":"2025-12-18T12:27:27","guid":{"rendered":"https:\/\/www.creztaequipment.com\/chilling\/"},"modified":"2026-01-07T12:43:09","modified_gmt":"2026-01-07T11:43:09","slug":"chilling","status":"publish","type":"page","link":"https:\/\/www.creztaequipment.com\/es\/chilling\/","title":{"rendered":"Chilling"},"content":{"rendered":"<div class=\"fusion-fullwidth fullwidth-box fusion-builder-row-1 fusion-flex-container has-pattern-background has-mask-background nonhundred-percent-fullwidth non-hundred-percent-height-scrolling\" style=\"--awb-border-radius-top-left:0px;--awb-border-radius-top-right:0px;--awb-border-radius-bottom-right:0px;--awb-border-radius-bottom-left:0px;--awb-flex-wrap:wrap;\" ><div class=\"fusion-builder-row fusion-row fusion-flex-align-items-flex-start fusion-flex-content-wrap\" style=\"max-width:1248px;margin-left: calc(-4% \/ 2 );margin-right: calc(-4% \/ 2 );\"><div class=\"fusion-layout-column fusion_builder_column fusion-builder-column-0 fusion_builder_column_1_2 1_2 fusion-flex-column\" style=\"--awb-bg-size:cover;--awb-width-large:50%;--awb-margin-top-large:0px;--awb-spacing-right-large:3.84%;--awb-margin-bottom-large:20px;--awb-spacing-left-large:3.84%;--awb-width-medium:50%;--awb-order-medium:0;--awb-spacing-right-medium:3.84%;--awb-spacing-left-medium:3.84%;--awb-width-small:100%;--awb-order-small:0;--awb-spacing-right-small:1.92%;--awb-spacing-left-small:1.92%;\"><div class=\"fusion-column-wrapper fusion-column-has-shadow fusion-flex-justify-content-flex-start fusion-content-layout-column\"><div class=\"fusion-text fusion-text-1\"><h2 data-start=\"224\" data-end=\"243\"><strong data-start=\"227\" data-end=\"243\">Enfriamiento<\/strong><\/h2>\n<p data-start=\"245\" data-end=\"494\"><strong data-start=\"245\" data-end=\"255\">Crezta<\/strong> suministra <strong data-start=\"267\" data-end=\"325\">sistemas de enfriamiento para el procesamiento av\u00edcola<\/strong>, incluyendo soluciones de <strong data-start=\"352\" data-end=\"388\">enfriamiento por agua y por aire<\/strong>, dise\u00f1adas para una <strong data-start=\"409\" data-end=\"432\">operaci\u00f3n higi\u00e9nica<\/strong> y una <strong data-start=\"439\" data-end=\"461\">integraci\u00f3n fluida<\/strong> dentro de las l\u00edneas de proceso.<\/p>\n<p data-start=\"496\" data-end=\"740\">Los sistemas se dise\u00f1an de acuerdo con el <strong data-start=\"538\" data-end=\"558\">tipo de producto<\/strong>, los <strong data-start=\"564\" data-end=\"595\">requerimientos de capacidad<\/strong> y el <strong data-start=\"601\" data-end=\"624\">layout de la planta<\/strong>, y pueden suministrarse como <strong data-start=\"654\" data-end=\"681\">unidades independientes<\/strong> o <strong data-start=\"684\" data-end=\"709\">totalmente integrados<\/strong> en l\u00edneas nuevas o existentes.<\/p>\n<p data-start=\"742\" data-end=\"976\">Los sistemas de enfriamiento se suministran <strong data-start=\"786\" data-end=\"868\">sin incluir las unidades de refrigeraci\u00f3n ni los equipos de generaci\u00f3n de fr\u00edo<\/strong>, los cuales pueden ser proporcionados por el cliente o por <strong data-start=\"928\" data-end=\"975\">proveedores especializados en refrigeraci\u00f3n<\/strong>.<\/p>\n<\/div><\/div><\/div><div class=\"fusion-layout-column fusion_builder_column fusion-builder-column-1 fusion_builder_column_1_2 1_2 fusion-flex-column\" style=\"--awb-bg-size:cover;--awb-width-large:50%;--awb-margin-top-large:0px;--awb-spacing-right-large:3.84%;--awb-margin-bottom-large:20px;--awb-spacing-left-large:3.84%;--awb-width-medium:50%;--awb-order-medium:0;--awb-spacing-right-medium:3.84%;--awb-spacing-left-medium:3.84%;--awb-width-small:100%;--awb-order-small:0;--awb-spacing-right-small:1.92%;--awb-spacing-left-small:1.92%;\"><div class=\"fusion-column-wrapper fusion-column-has-shadow fusion-flex-justify-content-flex-start fusion-content-layout-column\"><div class=\"fusion-image-element \" style=\"--awb-caption-title-font-family:var(--h2_typography-font-family);--awb-caption-title-font-weight:var(--h2_typography-font-weight);--awb-caption-title-font-style:var(--h2_typography-font-style);--awb-caption-title-size:var(--h2_typography-font-size);--awb-caption-title-transform:var(--h2_typography-text-transform);--awb-caption-title-line-height:var(--h2_typography-line-height);--awb-caption-title-letter-spacing:var(--h2_typography-letter-spacing);\"><span class=\" fusion-imageframe imageframe-none imageframe-1 hover-type-none\"><img decoding=\"async\" width=\"1536\" height=\"1024\" title=\"0b8c4ef9-507a-4fcc-b40f-b59f14d5ecd0\" src=\"https:\/\/www.creztaequipment.com\/wp-content\/uploads\/2025\/12\/0b8c4ef9-507a-4fcc-b40f-b59f14d5ecd0-1.png\" alt class=\"img-responsive wp-image-1485\" srcset=\"https:\/\/www.creztaequipment.com\/wp-content\/uploads\/2025\/12\/0b8c4ef9-507a-4fcc-b40f-b59f14d5ecd0-1-200x133.png 200w, https:\/\/www.creztaequipment.com\/wp-content\/uploads\/2025\/12\/0b8c4ef9-507a-4fcc-b40f-b59f14d5ecd0-1-400x267.png 400w, https:\/\/www.creztaequipment.com\/wp-content\/uploads\/2025\/12\/0b8c4ef9-507a-4fcc-b40f-b59f14d5ecd0-1-600x400.png 600w, https:\/\/www.creztaequipment.com\/wp-content\/uploads\/2025\/12\/0b8c4ef9-507a-4fcc-b40f-b59f14d5ecd0-1-800x533.png 800w, https:\/\/www.creztaequipment.com\/wp-content\/uploads\/2025\/12\/0b8c4ef9-507a-4fcc-b40f-b59f14d5ecd0-1-1200x800.png 1200w, https:\/\/www.creztaequipment.com\/wp-content\/uploads\/2025\/12\/0b8c4ef9-507a-4fcc-b40f-b59f14d5ecd0-1.png 1536w\" sizes=\"(max-width: 640px) 100vw, 600px\" \/><\/span><\/div><div class=\"fusion-image-element \" style=\"--awb-caption-title-font-family:var(--h2_typography-font-family);--awb-caption-title-font-weight:var(--h2_typography-font-weight);--awb-caption-title-font-style:var(--h2_typography-font-style);--awb-caption-title-size:var(--h2_typography-font-size);--awb-caption-title-transform:var(--h2_typography-text-transform);--awb-caption-title-line-height:var(--h2_typography-line-height);--awb-caption-title-letter-spacing:var(--h2_typography-letter-spacing);\"><span class=\" fusion-imageframe imageframe-none imageframe-2 hover-type-none\"><img decoding=\"async\" width=\"2400\" height=\"1599\" title=\"air-chilling-fans\" src=\"https:\/\/www.creztaequipment.com\/wp-content\/uploads\/2025\/12\/air-chilling-fans.jpg\" alt class=\"img-responsive wp-image-1487\" srcset=\"https:\/\/www.creztaequipment.com\/wp-content\/uploads\/2025\/12\/air-chilling-fans-200x133.jpg 200w, https:\/\/www.creztaequipment.com\/wp-content\/uploads\/2025\/12\/air-chilling-fans-400x267.jpg 400w, https:\/\/www.creztaequipment.com\/wp-content\/uploads\/2025\/12\/air-chilling-fans-600x400.jpg 600w, https:\/\/www.creztaequipment.com\/wp-content\/uploads\/2025\/12\/air-chilling-fans-800x533.jpg 800w, https:\/\/www.creztaequipment.com\/wp-content\/uploads\/2025\/12\/air-chilling-fans-1200x800.jpg 1200w, https:\/\/www.creztaequipment.com\/wp-content\/uploads\/2025\/12\/air-chilling-fans.jpg 2400w\" sizes=\"(max-width: 640px) 100vw, 600px\" \/><\/span><\/div><\/div><\/div><\/div><\/div>\n","protected":false},"excerpt":{"rendered":"","protected":false},"author":2,"featured_media":0,"parent":0,"menu_order":0,"comment_status":"closed","ping_status":"closed","template":"100-width.php","meta":{"footnotes":""},"class_list":["post-1516","page","type-page","status-publish","hentry"],"yoast_head":"<!-- This site is optimized with the Yoast SEO plugin v26.7 - https:\/\/yoast.com\/wordpress\/plugins\/seo\/ -->\n<title>Chilling - www.creztaequipment.com<\/title>\n<meta name=\"robots\" content=\"index, follow, max-snippet:-1, max-image-preview:large, max-video-preview:-1\" \/>\n<link rel=\"canonical\" href=\"https:\/\/www.creztaequipment.com\/es\/chilling\/\" \/>\n<meta property=\"og:locale\" content=\"es_ES\" \/>\n<meta property=\"og:type\" content=\"article\" \/>\n<meta property=\"og:title\" content=\"Chilling - www.creztaequipment.com\" \/>\n<meta property=\"og:url\" content=\"https:\/\/www.creztaequipment.com\/es\/chilling\/\" \/>\n<meta property=\"og:site_name\" content=\"www.creztaequipment.com\" \/>\n<meta property=\"article:modified_time\" content=\"2026-01-07T11:43:09+00:00\" \/>\n<meta name=\"twitter:card\" content=\"summary_large_image\" \/>\n<meta name=\"twitter:label1\" content=\"Tiempo de lectura\" \/>\n\t<meta name=\"twitter:data1\" content=\"1 minuto\" \/>\n<script type=\"application\/ld+json\" class=\"yoast-schema-graph\">{\"@context\":\"https:\/\/schema.org\",\"@graph\":[{\"@type\":\"WebPage\",\"@id\":\"https:\/\/www.creztaequipment.com\/es\/chilling\/\",\"url\":\"https:\/\/www.creztaequipment.com\/es\/chilling\/\",\"name\":\"Chilling - www.creztaequipment.com\",\"isPartOf\":{\"@id\":\"https:\/\/www.creztaequipment.com\/#website\"},\"datePublished\":\"2025-12-18T12:27:27+00:00\",\"dateModified\":\"2026-01-07T11:43:09+00:00\",\"breadcrumb\":{\"@id\":\"https:\/\/www.creztaequipment.com\/es\/chilling\/#breadcrumb\"},\"inLanguage\":\"es\",\"potentialAction\":[{\"@type\":\"ReadAction\",\"target\":[\"https:\/\/www.creztaequipment.com\/es\/chilling\/\"]}]},{\"@type\":\"BreadcrumbList\",\"@id\":\"https:\/\/www.creztaequipment.com\/es\/chilling\/#breadcrumb\",\"itemListElement\":[{\"@type\":\"ListItem\",\"position\":1,\"name\":\"Home\",\"item\":\"https:\/\/www.creztaequipment.com\/es\/\"},{\"@type\":\"ListItem\",\"position\":2,\"name\":\"Chilling\"}]},{\"@type\":\"WebSite\",\"@id\":\"https:\/\/www.creztaequipment.com\/#website\",\"url\":\"https:\/\/www.creztaequipment.com\/\",\"name\":\"www.creztaequipment.com\",\"description\":\"Gewoon een of andere WordPress website\",\"potentialAction\":[{\"@type\":\"SearchAction\",\"target\":{\"@type\":\"EntryPoint\",\"urlTemplate\":\"https:\/\/www.creztaequipment.com\/?s={search_term_string}\"},\"query-input\":{\"@type\":\"PropertyValueSpecification\",\"valueRequired\":true,\"valueName\":\"search_term_string\"}}],\"inLanguage\":\"es\"}]}<\/script>\n<!-- \/ Yoast SEO plugin. -->","yoast_head_json":{"title":"Chilling - www.creztaequipment.com","robots":{"index":"index","follow":"follow","max-snippet":"max-snippet:-1","max-image-preview":"max-image-preview:large","max-video-preview":"max-video-preview:-1"},"canonical":"https:\/\/www.creztaequipment.com\/es\/chilling\/","og_locale":"es_ES","og_type":"article","og_title":"Chilling - www.creztaequipment.com","og_url":"https:\/\/www.creztaequipment.com\/es\/chilling\/","og_site_name":"www.creztaequipment.com","article_modified_time":"2026-01-07T11:43:09+00:00","twitter_card":"summary_large_image","twitter_misc":{"Tiempo de lectura":"1 minuto"},"schema":{"@context":"https:\/\/schema.org","@graph":[{"@type":"WebPage","@id":"https:\/\/www.creztaequipment.com\/es\/chilling\/","url":"https:\/\/www.creztaequipment.com\/es\/chilling\/","name":"Chilling - www.creztaequipment.com","isPartOf":{"@id":"https:\/\/www.creztaequipment.com\/#website"},"datePublished":"2025-12-18T12:27:27+00:00","dateModified":"2026-01-07T11:43:09+00:00","breadcrumb":{"@id":"https:\/\/www.creztaequipment.com\/es\/chilling\/#breadcrumb"},"inLanguage":"es","potentialAction":[{"@type":"ReadAction","target":["https:\/\/www.creztaequipment.com\/es\/chilling\/"]}]},{"@type":"BreadcrumbList","@id":"https:\/\/www.creztaequipment.com\/es\/chilling\/#breadcrumb","itemListElement":[{"@type":"ListItem","position":1,"name":"Home","item":"https:\/\/www.creztaequipment.com\/es\/"},{"@type":"ListItem","position":2,"name":"Chilling"}]},{"@type":"WebSite","@id":"https:\/\/www.creztaequipment.com\/#website","url":"https:\/\/www.creztaequipment.com\/","name":"www.creztaequipment.com","description":"Gewoon een of andere WordPress website","potentialAction":[{"@type":"SearchAction","target":{"@type":"EntryPoint","urlTemplate":"https:\/\/www.creztaequipment.com\/?s={search_term_string}"},"query-input":{"@type":"PropertyValueSpecification","valueRequired":true,"valueName":"search_term_string"}}],"inLanguage":"es"}]}},"_links":{"self":[{"href":"https:\/\/www.creztaequipment.com\/es\/wp-json\/wp\/v2\/pages\/1516","targetHints":{"allow":["GET"]}}],"collection":[{"href":"https:\/\/www.creztaequipment.com\/es\/wp-json\/wp\/v2\/pages"}],"about":[{"href":"https:\/\/www.creztaequipment.com\/es\/wp-json\/wp\/v2\/types\/page"}],"author":[{"embeddable":true,"href":"https:\/\/www.creztaequipment.com\/es\/wp-json\/wp\/v2\/users\/2"}],"replies":[{"embeddable":true,"href":"https:\/\/www.creztaequipment.com\/es\/wp-json\/wp\/v2\/comments?post=1516"}],"version-history":[{"count":4,"href":"https:\/\/www.creztaequipment.com\/es\/wp-json\/wp\/v2\/pages\/1516\/revisions"}],"predecessor-version":[{"id":1585,"href":"https:\/\/www.creztaequipment.com\/es\/wp-json\/wp\/v2\/pages\/1516\/revisions\/1585"}],"wp:attachment":[{"href":"https:\/\/www.creztaequipment.com\/es\/wp-json\/wp\/v2\/media?parent=1516"}],"curies":[{"name":"wp","href":"https:\/\/api.w.org\/{rel}","templated":true}]}}