{"id":1508,"date":"2025-12-18T12:24:43","date_gmt":"2025-12-18T11:24:43","guid":{"rendered":"https:\/\/www.creztaequipment.com\/automatic-weighing-lines\/"},"modified":"2026-01-07T15:07:36","modified_gmt":"2026-01-07T14:07:36","slug":"automatic-weighing-lines","status":"publish","type":"page","link":"https:\/\/www.creztaequipment.com\/es\/automatic-weighing-lines\/","title":{"rendered":"Automatic Weighing Lines"},"content":{"rendered":"<div class=\"fusion-fullwidth fullwidth-box fusion-builder-row-1 fusion-flex-container has-pattern-background has-mask-background nonhundred-percent-fullwidth non-hundred-percent-height-scrolling\" style=\"--awb-border-radius-top-left:0px;--awb-border-radius-top-right:0px;--awb-border-radius-bottom-right:0px;--awb-border-radius-bottom-left:0px;--awb-flex-wrap:wrap;\" ><div class=\"fusion-builder-row fusion-row fusion-flex-align-items-flex-start fusion-flex-content-wrap\" style=\"max-width:1248px;margin-left: calc(-4% \/ 2 );margin-right: calc(-4% \/ 2 );\"><div class=\"fusion-layout-column fusion_builder_column fusion-builder-column-0 fusion_builder_column_1_1 1_1 fusion-flex-column\" style=\"--awb-bg-size:cover;--awb-width-large:100%;--awb-margin-top-large:0px;--awb-spacing-right-large:1.92%;--awb-margin-bottom-large:20px;--awb-spacing-left-large:1.92%;--awb-width-medium:100%;--awb-order-medium:0;--awb-spacing-right-medium:1.92%;--awb-spacing-left-medium:1.92%;--awb-width-small:100%;--awb-order-small:0;--awb-spacing-right-small:1.92%;--awb-spacing-left-small:1.92%;\"><div class=\"fusion-column-wrapper fusion-column-has-shadow fusion-flex-justify-content-flex-start fusion-content-layout-column\"><div class=\"fusion-text fusion-text-1\"><p data-start=\"600\" data-end=\"834\"><strong data-start=\"600\" data-end=\"632\">L\u00edneas autom\u00e1ticas de pesaje<\/strong><br data-start=\"632\" data-end=\"635\" \/>Crezta suministra l\u00edneas autom\u00e1ticas de pesaje a\u00e9reo para plantas de procesamiento av\u00edcola, dise\u00f1adas para el control continuo de peso, la manipulaci\u00f3n del producto y la optimizaci\u00f3n de procesos.<\/p>\n<p data-start=\"841\" data-end=\"1233\">Los sistemas se fabrican en acero inoxidable y se configuran seg\u00fan la longitud de la l\u00ednea, el n\u00famero de puntos de pesaje y los puntos de descarga requeridos. Las instalaciones t\u00edpicas incluyen grilletes de pesaje autom\u00e1tico, cadenas calibradas, unidades de accionamiento y tensi\u00f3n, ruedas de desv\u00edo, estaciones de subida y bajada, secciones de control integradas y sistemas de supervisi\u00f3n.<\/p>\n<p data-start=\"1240\" data-end=\"1652\">Las l\u00edneas de pesaje pueden equiparse con celdas de carga autom\u00e1ticas, estaciones de descarga, tolvas de recolecci\u00f3n y control PLC-SCADA completo para la monitorizaci\u00f3n en tiempo real y la adquisici\u00f3n de datos. Cada sistema se dise\u00f1a espec\u00edficamente para cada proyecto, garantizando una integraci\u00f3n perfecta con los transportadores a\u00e9reos existentes, las l\u00edneas de procesamiento y la automatizaci\u00f3n de la planta.<\/p>\n<\/div><\/div><\/div><\/div><\/div>\n","protected":false},"excerpt":{"rendered":"","protected":false},"author":2,"featured_media":0,"parent":0,"menu_order":0,"comment_status":"closed","ping_status":"closed","template":"100-width.php","meta":{"footnotes":""},"class_list":["post-1508","page","type-page","status-publish","hentry"],"yoast_head":"<!-- This site is optimized with the Yoast SEO plugin v26.7 - https:\/\/yoast.com\/wordpress\/plugins\/seo\/ -->\n<title>Automatic Weighing Lines - www.creztaequipment.com<\/title>\n<meta name=\"robots\" content=\"index, follow, max-snippet:-1, max-image-preview:large, max-video-preview:-1\" \/>\n<link rel=\"canonical\" href=\"https:\/\/www.creztaequipment.com\/es\/automatic-weighing-lines\/\" \/>\n<meta property=\"og:locale\" content=\"es_ES\" \/>\n<meta property=\"og:type\" content=\"article\" \/>\n<meta property=\"og:title\" content=\"Automatic Weighing Lines - www.creztaequipment.com\" \/>\n<meta property=\"og:url\" content=\"https:\/\/www.creztaequipment.com\/es\/automatic-weighing-lines\/\" \/>\n<meta property=\"og:site_name\" content=\"www.creztaequipment.com\" \/>\n<meta property=\"article:modified_time\" content=\"2026-01-07T14:07:36+00:00\" \/>\n<meta name=\"twitter:card\" content=\"summary_large_image\" \/>\n<meta name=\"twitter:label1\" content=\"Tiempo de lectura\" \/>\n\t<meta name=\"twitter:data1\" content=\"1 minuto\" \/>\n<script type=\"application\/ld+json\" class=\"yoast-schema-graph\">{\"@context\":\"https:\/\/schema.org\",\"@graph\":[{\"@type\":\"WebPage\",\"@id\":\"https:\/\/www.creztaequipment.com\/es\/automatic-weighing-lines\/\",\"url\":\"https:\/\/www.creztaequipment.com\/es\/automatic-weighing-lines\/\",\"name\":\"Automatic Weighing Lines - www.creztaequipment.com\",\"isPartOf\":{\"@id\":\"https:\/\/www.creztaequipment.com\/#website\"},\"datePublished\":\"2025-12-18T11:24:43+00:00\",\"dateModified\":\"2026-01-07T14:07:36+00:00\",\"breadcrumb\":{\"@id\":\"https:\/\/www.creztaequipment.com\/es\/automatic-weighing-lines\/#breadcrumb\"},\"inLanguage\":\"es\",\"potentialAction\":[{\"@type\":\"ReadAction\",\"target\":[\"https:\/\/www.creztaequipment.com\/es\/automatic-weighing-lines\/\"]}]},{\"@type\":\"BreadcrumbList\",\"@id\":\"https:\/\/www.creztaequipment.com\/es\/automatic-weighing-lines\/#breadcrumb\",\"itemListElement\":[{\"@type\":\"ListItem\",\"position\":1,\"name\":\"Home\",\"item\":\"https:\/\/www.creztaequipment.com\/es\/\"},{\"@type\":\"ListItem\",\"position\":2,\"name\":\"Automatic Weighing Lines\"}]},{\"@type\":\"WebSite\",\"@id\":\"https:\/\/www.creztaequipment.com\/#website\",\"url\":\"https:\/\/www.creztaequipment.com\/\",\"name\":\"www.creztaequipment.com\",\"description\":\"Gewoon een of andere WordPress website\",\"potentialAction\":[{\"@type\":\"SearchAction\",\"target\":{\"@type\":\"EntryPoint\",\"urlTemplate\":\"https:\/\/www.creztaequipment.com\/?s={search_term_string}\"},\"query-input\":{\"@type\":\"PropertyValueSpecification\",\"valueRequired\":true,\"valueName\":\"search_term_string\"}}],\"inLanguage\":\"es\"}]}<\/script>\n<!-- \/ Yoast SEO plugin. -->","yoast_head_json":{"title":"Automatic Weighing Lines - www.creztaequipment.com","robots":{"index":"index","follow":"follow","max-snippet":"max-snippet:-1","max-image-preview":"max-image-preview:large","max-video-preview":"max-video-preview:-1"},"canonical":"https:\/\/www.creztaequipment.com\/es\/automatic-weighing-lines\/","og_locale":"es_ES","og_type":"article","og_title":"Automatic Weighing Lines - www.creztaequipment.com","og_url":"https:\/\/www.creztaequipment.com\/es\/automatic-weighing-lines\/","og_site_name":"www.creztaequipment.com","article_modified_time":"2026-01-07T14:07:36+00:00","twitter_card":"summary_large_image","twitter_misc":{"Tiempo de lectura":"1 minuto"},"schema":{"@context":"https:\/\/schema.org","@graph":[{"@type":"WebPage","@id":"https:\/\/www.creztaequipment.com\/es\/automatic-weighing-lines\/","url":"https:\/\/www.creztaequipment.com\/es\/automatic-weighing-lines\/","name":"Automatic Weighing Lines - www.creztaequipment.com","isPartOf":{"@id":"https:\/\/www.creztaequipment.com\/#website"},"datePublished":"2025-12-18T11:24:43+00:00","dateModified":"2026-01-07T14:07:36+00:00","breadcrumb":{"@id":"https:\/\/www.creztaequipment.com\/es\/automatic-weighing-lines\/#breadcrumb"},"inLanguage":"es","potentialAction":[{"@type":"ReadAction","target":["https:\/\/www.creztaequipment.com\/es\/automatic-weighing-lines\/"]}]},{"@type":"BreadcrumbList","@id":"https:\/\/www.creztaequipment.com\/es\/automatic-weighing-lines\/#breadcrumb","itemListElement":[{"@type":"ListItem","position":1,"name":"Home","item":"https:\/\/www.creztaequipment.com\/es\/"},{"@type":"ListItem","position":2,"name":"Automatic Weighing Lines"}]},{"@type":"WebSite","@id":"https:\/\/www.creztaequipment.com\/#website","url":"https:\/\/www.creztaequipment.com\/","name":"www.creztaequipment.com","description":"Gewoon een of andere WordPress website","potentialAction":[{"@type":"SearchAction","target":{"@type":"EntryPoint","urlTemplate":"https:\/\/www.creztaequipment.com\/?s={search_term_string}"},"query-input":{"@type":"PropertyValueSpecification","valueRequired":true,"valueName":"search_term_string"}}],"inLanguage":"es"}]}},"_links":{"self":[{"href":"https:\/\/www.creztaequipment.com\/es\/wp-json\/wp\/v2\/pages\/1508","targetHints":{"allow":["GET"]}}],"collection":[{"href":"https:\/\/www.creztaequipment.com\/es\/wp-json\/wp\/v2\/pages"}],"about":[{"href":"https:\/\/www.creztaequipment.com\/es\/wp-json\/wp\/v2\/types\/page"}],"author":[{"embeddable":true,"href":"https:\/\/www.creztaequipment.com\/es\/wp-json\/wp\/v2\/users\/2"}],"replies":[{"embeddable":true,"href":"https:\/\/www.creztaequipment.com\/es\/wp-json\/wp\/v2\/comments?post=1508"}],"version-history":[{"count":3,"href":"https:\/\/www.creztaequipment.com\/es\/wp-json\/wp\/v2\/pages\/1508\/revisions"}],"predecessor-version":[{"id":1581,"href":"https:\/\/www.creztaequipment.com\/es\/wp-json\/wp\/v2\/pages\/1508\/revisions\/1581"}],"wp:attachment":[{"href":"https:\/\/www.creztaequipment.com\/es\/wp-json\/wp\/v2\/media?parent=1508"}],"curies":[{"name":"wp","href":"https:\/\/api.w.org\/{rel}","templated":true}]}}